{"id":2268,"date":"2023-02-22T15:17:45","date_gmt":"2023-02-22T14:17:45","guid":{"rendered":"https:\/\/www.dewestvlaamse.be\/nos-services\/beroepsontwikkeling-en-ondersteuning\/"},"modified":"2025-12-16T16:21:54","modified_gmt":"2025-12-16T15:21:54","slug":"beroepsontwikkeling-en-ondersteuning","status":"publish","type":"page","link":"https:\/\/www.dewestvlaamse.be\/fr\/nos-services\/beroepsontwikkeling-en-ondersteuning\/","title":{"rendered":"Service de d\u00e9veloppement et soutien professionnel"},"content":{"rendered":"<p>Le service de d\u00e9veloppement et de soutien professionnels assure un soutien de qualit\u00e9 aux pharmaciens au sens large du terme.<\/p><p>Le r\u00f4le du pharmacien et de son \u00e9quipe \u00e9volue rapidement. Les notions de soins pharmaceutiques et le suivi des soins pharmaceutiques&nbsp; font d\u00e9sormais partie int\u00e9grante de la pratique quotidienne. Notre service souhaite vous y aider. Nous apportons un soutien scientifique et fournissons des outils qui facilitent la t\u00e2che.<\/p><p>Les collaborateurs du service suivent \u00e9galement de pr\u00e8s les d\u00e9veloppements les plus r\u00e9cents et futurs de notre profession et participent activement aux innovations qui attendent notre secteur dans les ann\u00e9es \u00e0 venir. Nous organisons des soir\u00e9es d&#8217;information pratique et des ateliers qui peuvent vous soutenir dans l&#8217;accomplissement de ces nouvelles t\u00e2ches.<\/p><p>Nous restons \u00e0 l&#8217;\u00e9coute des autres professions des soins en participant aux diff\u00e9rents conseils, groupes de travail (transmuraux) et conseils journaliers, tant dans le secteur des soins que dans celui de l&#8217;aide sociale. L\u00e0 o\u00f9 c&#8217;est n\u00e9cessaire, nous soulignons \u00e0 nouveau notre r\u00f4le et notre t\u00e2che en tant que pharmaciens ! De cette mani\u00e8re, nous encourageons la coop\u00e9ration multidisciplinaire o\u00f9 le patient occupe une place centrale.<\/p><div style=\"height:100px\" aria-hidden=\"true\" class=\"wp-block-spacer\"><\/div><div class=\"wp-block-columns is-layout-flex wp-container-core-columns-is-layout-9d6595d7 wp-block-columns-is-layout-flex\"><div class=\"wp-block-column is-layout-flow wp-block-column-is-layout-flow\"><h4 class=\"wp-block-heading\">Team<\/h4>\n\n<p>Phn. Christophe Blanckaert<\/p>\n\n<p>Phn. Louise Laperre<\/p>\n\n<p>Phn. Astrid Pickavet<\/p><\/div>\n\n<div class=\"wp-block-column is-layout-flow wp-block-column-is-layout-flow\"><h4 class=\"wp-block-heading has-white-color has-text-color\">Fonction<\/h4>\n\n<p>Directeur <\/p>\n\n<p>Cooperateur scientifique<\/p>\n\n<p>Cooperateur scientifique<\/p><\/div>\n\n<div class=\"wp-block-column is-layout-flow wp-block-column-is-layout-flow\"><h4 class=\"wp-block-heading\">Coordonn\u00e9es<\/h4>\n\n<p>info@dewestvlaamse.be<\/p>\n\n<p>051\/ 69 11 20<\/p><\/div><\/div>","protected":false},"excerpt":{"rendered":"<p>Le service de d\u00e9veloppement et de soutien professionnels assure un soutien de [&hellip;]<\/p>\n","protected":false},"author":1,"featured_media":0,"parent":2069,"menu_order":3,"comment_status":"closed","ping_status":"closed","template":"template\/about-us.php","meta":{"_acf_changed":false,"footnotes":""},"class_list":["post-2268","page","type-page","status-publish","hentry"],"acf":[],"yoast_head":"<!-- This site is optimized with the Yoast SEO plugin v24.8.1 - https:\/\/yoast.com\/wordpress\/plugins\/seo\/ -->\n<title>Service de d\u00e9veloppement et soutien professionnel - De Westvlaamse Apothekersvereniging<\/title>\n<meta name=\"robots\" content=\"index, follow, max-snippet:-1, max-image-preview:large, max-video-preview:-1\" \/>\n<link rel=\"canonical\" href=\"https:\/\/www.dewestvlaamse.be\/fr\/nos-services\/beroepsontwikkeling-en-ondersteuning\/\" \/>\n<meta property=\"og:locale\" content=\"fr_FR\" \/>\n<meta property=\"og:type\" content=\"article\" \/>\n<meta property=\"og:title\" content=\"Service de d\u00e9veloppement et soutien professionnel - De Westvlaamse Apothekersvereniging\" \/>\n<meta property=\"og:description\" content=\"Le service de d\u00e9veloppement et de soutien professionnels assure un soutien de [&hellip;]\" \/>\n<meta property=\"og:url\" content=\"https:\/\/www.dewestvlaamse.be\/fr\/nos-services\/beroepsontwikkeling-en-ondersteuning\/\" \/>\n<meta property=\"og:site_name\" content=\"De Westvlaamse Apothekersvereniging\" \/>\n<meta property=\"article:modified_time\" content=\"2025-12-16T15:21:54+00:00\" \/>\n<meta name=\"twitter:card\" content=\"summary_large_image\" \/>\n<meta name=\"twitter:label1\" content=\"Dur\u00e9e de lecture estim\u00e9e\" \/>\n\t<meta name=\"twitter:data1\" content=\"2 minutes\" \/>\n<script type=\"application\/ld+json\" class=\"yoast-schema-graph\">{\"@context\":\"https:\/\/schema.org\",\"@graph\":[{\"@type\":\"WebPage\",\"@id\":\"https:\/\/www.dewestvlaamse.be\/fr\/nos-services\/beroepsontwikkeling-en-ondersteuning\/\",\"url\":\"https:\/\/www.dewestvlaamse.be\/fr\/nos-services\/beroepsontwikkeling-en-ondersteuning\/\",\"name\":\"Service de d\u00e9veloppement et soutien professionnel - De Westvlaamse Apothekersvereniging\",\"isPartOf\":{\"@id\":\"https:\/\/www.dewestvlaamse.be\/fr\/#website\"},\"datePublished\":\"2023-02-22T14:17:45+00:00\",\"dateModified\":\"2025-12-16T15:21:54+00:00\",\"breadcrumb\":{\"@id\":\"https:\/\/www.dewestvlaamse.be\/fr\/nos-services\/beroepsontwikkeling-en-ondersteuning\/#breadcrumb\"},\"inLanguage\":\"fr-FR\",\"potentialAction\":[{\"@type\":\"ReadAction\",\"target\":[\"https:\/\/www.dewestvlaamse.be\/fr\/nos-services\/beroepsontwikkeling-en-ondersteuning\/\"]}]},{\"@type\":\"BreadcrumbList\",\"@id\":\"https:\/\/www.dewestvlaamse.be\/fr\/nos-services\/beroepsontwikkeling-en-ondersteuning\/#breadcrumb\",\"itemListElement\":[{\"@type\":\"ListItem\",\"position\":1,\"name\":\"Home\",\"item\":\"https:\/\/www.dewestvlaamse.be\/fr\/\"},{\"@type\":\"ListItem\",\"position\":2,\"name\":\"Nos services\",\"item\":\"https:\/\/www.dewestvlaamse.be\/fr\/nos-services\/\"},{\"@type\":\"ListItem\",\"position\":3,\"name\":\"Service de d\u00e9veloppement et soutien professionnel\"}]},{\"@type\":\"WebSite\",\"@id\":\"https:\/\/www.dewestvlaamse.be\/fr\/#website\",\"url\":\"https:\/\/www.dewestvlaamse.be\/fr\/\",\"name\":\"De Westvlaamse Apothekersvereniging\",\"description\":\"\",\"publisher\":{\"@id\":\"https:\/\/www.dewestvlaamse.be\/fr\/#organization\"},\"potentialAction\":[{\"@type\":\"SearchAction\",\"target\":{\"@type\":\"EntryPoint\",\"urlTemplate\":\"https:\/\/www.dewestvlaamse.be\/fr\/?s={search_term_string}\"},\"query-input\":{\"@type\":\"PropertyValueSpecification\",\"valueRequired\":true,\"valueName\":\"search_term_string\"}}],\"inLanguage\":\"fr-FR\"},{\"@type\":\"Organization\",\"@id\":\"https:\/\/www.dewestvlaamse.be\/fr\/#organization\",\"name\":\"De Westvlaamse Apothekersvereniging\",\"url\":\"https:\/\/www.dewestvlaamse.be\/fr\/\",\"logo\":{\"@type\":\"ImageObject\",\"inLanguage\":\"fr-FR\",\"@id\":\"https:\/\/www.dewestvlaamse.be\/fr\/#\/schema\/logo\/image\/\",\"url\":\"https:\/\/www.dewestvlaamse.be\/wp-content\/uploads\/2023\/02\/logo.png\",\"contentUrl\":\"https:\/\/www.dewestvlaamse.be\/wp-content\/uploads\/2023\/02\/logo.png\",\"width\":453,\"height\":91,\"caption\":\"De Westvlaamse Apothekersvereniging\"},\"image\":{\"@id\":\"https:\/\/www.dewestvlaamse.be\/fr\/#\/schema\/logo\/image\/\"}}]}<\/script>\n<!-- \/ Yoast SEO plugin. -->","yoast_head_json":{"title":"Service de d\u00e9veloppement et soutien professionnel - De Westvlaamse Apothekersvereniging","robots":{"index":"index","follow":"follow","max-snippet":"max-snippet:-1","max-image-preview":"max-image-preview:large","max-video-preview":"max-video-preview:-1"},"canonical":"https:\/\/www.dewestvlaamse.be\/fr\/nos-services\/beroepsontwikkeling-en-ondersteuning\/","og_locale":"fr_FR","og_type":"article","og_title":"Service de d\u00e9veloppement et soutien professionnel - De Westvlaamse Apothekersvereniging","og_description":"Le service de d\u00e9veloppement et de soutien professionnels assure un soutien de [&hellip;]","og_url":"https:\/\/www.dewestvlaamse.be\/fr\/nos-services\/beroepsontwikkeling-en-ondersteuning\/","og_site_name":"De Westvlaamse Apothekersvereniging","article_modified_time":"2025-12-16T15:21:54+00:00","twitter_card":"summary_large_image","twitter_misc":{"Dur\u00e9e de lecture estim\u00e9e":"2 minutes"},"schema":{"@context":"https:\/\/schema.org","@graph":[{"@type":"WebPage","@id":"https:\/\/www.dewestvlaamse.be\/fr\/nos-services\/beroepsontwikkeling-en-ondersteuning\/","url":"https:\/\/www.dewestvlaamse.be\/fr\/nos-services\/beroepsontwikkeling-en-ondersteuning\/","name":"Service de d\u00e9veloppement et soutien professionnel - De Westvlaamse Apothekersvereniging","isPartOf":{"@id":"https:\/\/www.dewestvlaamse.be\/fr\/#website"},"datePublished":"2023-02-22T14:17:45+00:00","dateModified":"2025-12-16T15:21:54+00:00","breadcrumb":{"@id":"https:\/\/www.dewestvlaamse.be\/fr\/nos-services\/beroepsontwikkeling-en-ondersteuning\/#breadcrumb"},"inLanguage":"fr-FR","potentialAction":[{"@type":"ReadAction","target":["https:\/\/www.dewestvlaamse.be\/fr\/nos-services\/beroepsontwikkeling-en-ondersteuning\/"]}]},{"@type":"BreadcrumbList","@id":"https:\/\/www.dewestvlaamse.be\/fr\/nos-services\/beroepsontwikkeling-en-ondersteuning\/#breadcrumb","itemListElement":[{"@type":"ListItem","position":1,"name":"Home","item":"https:\/\/www.dewestvlaamse.be\/fr\/"},{"@type":"ListItem","position":2,"name":"Nos services","item":"https:\/\/www.dewestvlaamse.be\/fr\/nos-services\/"},{"@type":"ListItem","position":3,"name":"Service de d\u00e9veloppement et soutien professionnel"}]},{"@type":"WebSite","@id":"https:\/\/www.dewestvlaamse.be\/fr\/#website","url":"https:\/\/www.dewestvlaamse.be\/fr\/","name":"De Westvlaamse Apothekersvereniging","description":"","publisher":{"@id":"https:\/\/www.dewestvlaamse.be\/fr\/#organization"},"potentialAction":[{"@type":"SearchAction","target":{"@type":"EntryPoint","urlTemplate":"https:\/\/www.dewestvlaamse.be\/fr\/?s={search_term_string}"},"query-input":{"@type":"PropertyValueSpecification","valueRequired":true,"valueName":"search_term_string"}}],"inLanguage":"fr-FR"},{"@type":"Organization","@id":"https:\/\/www.dewestvlaamse.be\/fr\/#organization","name":"De Westvlaamse Apothekersvereniging","url":"https:\/\/www.dewestvlaamse.be\/fr\/","logo":{"@type":"ImageObject","inLanguage":"fr-FR","@id":"https:\/\/www.dewestvlaamse.be\/fr\/#\/schema\/logo\/image\/","url":"https:\/\/www.dewestvlaamse.be\/wp-content\/uploads\/2023\/02\/logo.png","contentUrl":"https:\/\/www.dewestvlaamse.be\/wp-content\/uploads\/2023\/02\/logo.png","width":453,"height":91,"caption":"De Westvlaamse Apothekersvereniging"},"image":{"@id":"https:\/\/www.dewestvlaamse.be\/fr\/#\/schema\/logo\/image\/"}}]}},"publishpress_future_action":{"enabled":false,"date":"2026-04-30 14:51:54","action":"change-status","newStatus":"draft","terms":[],"taxonomy":"translation_priority"},"publishpress_future_workflow_manual_trigger":{"enabledWorkflows":[]},"_links":{"self":[{"href":"https:\/\/www.dewestvlaamse.be\/fr\/wp-json\/wp\/v2\/pages\/2268","targetHints":{"allow":["GET"]}}],"collection":[{"href":"https:\/\/www.dewestvlaamse.be\/fr\/wp-json\/wp\/v2\/pages"}],"about":[{"href":"https:\/\/www.dewestvlaamse.be\/fr\/wp-json\/wp\/v2\/types\/page"}],"author":[{"embeddable":true,"href":"https:\/\/www.dewestvlaamse.be\/fr\/wp-json\/wp\/v2\/users\/1"}],"replies":[{"embeddable":true,"href":"https:\/\/www.dewestvlaamse.be\/fr\/wp-json\/wp\/v2\/comments?post=2268"}],"version-history":[{"count":5,"href":"https:\/\/www.dewestvlaamse.be\/fr\/wp-json\/wp\/v2\/pages\/2268\/revisions"}],"predecessor-version":[{"id":7148,"href":"https:\/\/www.dewestvlaamse.be\/fr\/wp-json\/wp\/v2\/pages\/2268\/revisions\/7148"}],"up":[{"embeddable":true,"href":"https:\/\/www.dewestvlaamse.be\/fr\/wp-json\/wp\/v2\/pages\/2069"}],"wp:attachment":[{"href":"https:\/\/www.dewestvlaamse.be\/fr\/wp-json\/wp\/v2\/media?parent=2268"}],"curies":[{"name":"wp","href":"https:\/\/api.w.org\/{rel}","templated":true}]}}