{"id":2261,"date":"2023-06-19T16:15:09","date_gmt":"2023-06-19T14:15:09","guid":{"rendered":"https:\/\/www.dewestvlaamse.be\/nos-services\/tarificatiedienst\/"},"modified":"2025-12-16T16:24:26","modified_gmt":"2025-12-16T15:24:26","slug":"tarificatiedienst","status":"publish","type":"page","link":"https:\/\/www.dewestvlaamse.be\/fr\/nos-services\/tarificatiedienst\/","title":{"rendered":"Office de tarification"},"content":{"rendered":"<ul class=\"wp-block-list\"><li>L&#8217;activit\u00e9 principale de l&#8217;office de tarification est la tarification et la facturation: la perception et le versement des montants qui sont dus aux pharmaciens par les mutualit\u00e9s pour la d\u00e9livrance des m\u00e9dicaments rembours\u00e9s dans le syst\u00e8me du tiers payant. Ainsi, nous assurons le flow financier au pharmacien.<\/li>\n\n<li>L&#8217;office de tarification&nbsp; a en ce moment <strong>plus de 650 clients<\/strong>, r\u00e9partis dans toute la Belgique. Presque toutes les pharmacies de flandre occidentale confient leur tarification \u00e0 DWVL. Elles b\u00e9n\u00e9ficient d&#8217;un service bilingue de qualit\u00e9.<\/li>\n\n<li>Nous garantissons un traitement optimal des retenues Farmanet: les ordonnances refus\u00e9es sont, dans la mesure du possible, corrig\u00e9es par nos services et r\u00e9introduites apr\u00e8s contact avec la mutualit\u00e9 ou le pharmacien.<\/li>\n\n<li>Si vous le souhaitez, notre office de tarification peut \u00e9galement facturer vos ordonnances CPAS ou vos prestations de bandagisterie.<\/li><\/ul><div style=\"height:100px\" aria-hidden=\"true\" class=\"wp-block-spacer\"><\/div><div class=\"wp-block-columns is-layout-flex wp-container-core-columns-is-layout-9d6595d7 wp-block-columns-is-layout-flex\"><div class=\"wp-block-column is-layout-flow wp-block-column-is-layout-flow\"><h4 class=\"wp-block-heading\">Team<\/h4>\n\n<p style=\"font-size:16px\">Apr. Inge Huysentruyt <\/p>\n\n<p style=\"font-size:16px\">Hilde Devlaminck<\/p>\n\n<p style=\"font-size:16px\">Ilse De Vriese<\/p>\n\n<p style=\"font-size:16px\">Andreea Raita<\/p>\n\n<p style=\"font-size:16px\">Claudine Vanhie<\/p>\n\n<p style=\"font-size:16px\">Leen Vlamynck<\/p>\n\n<p style=\"font-size:16px\">Ronny Verbiest<\/p>\n\n<p style=\"font-size:16px\"><\/p><\/div>\n\n<div class=\"wp-block-column is-layout-flow wp-block-column-is-layout-flow\"><h4 class=\"wp-block-heading\">Fonction<\/h4>\n\n<p style=\"font-size:16px\">Directeur Office de tarification<\/p>\n\n<p style=\"font-size:16px\">Employ\u00e9e office de tarification<\/p>\n\n<p style=\"font-size:16px\">Employ\u00e9e office de tarification<\/p>\n\n<p style=\"font-size:16px\">Employ\u00e9e office de tarification<\/p>\n\n<p style=\"font-size:16px\">Employ\u00e9e office de tarification<\/p>\n\n<p style=\"font-size:16px\">Employ\u00e9e office de tarification<\/p>\n\n<p style=\"font-size:16px\">IT<\/p>\n\n<p class=\"has-text-align-center\" style=\"font-size:16px\"><\/p><\/div>\n\n<div class=\"wp-block-column is-layout-flow wp-block-column-is-layout-flow\"><h4 class=\"wp-block-heading\">Coordonn\u00e9es<\/h4>\n\n<p style=\"font-size:15px\">tarificatiedienst@dewestvlaamse.be<\/p>\n\n<p style=\"font-size:16px\">051\/ 69 11 23<\/p><\/div><\/div><div class=\"wp-block-columns is-layout-flex wp-container-core-columns-is-layout-9d6595d7 wp-block-columns-is-layout-flex\"><div class=\"wp-block-column is-layout-flow wp-block-column-is-layout-flow\"><p><\/p>\n\n<p><\/p><\/div><\/div>","protected":false},"excerpt":{"rendered":"<p>Team Apr. Inge Huysentruyt Hilde Devlaminck Ilse De Vriese Andreea Raita Claudine [&hellip;]<\/p>\n","protected":false},"author":1,"featured_media":0,"parent":2069,"menu_order":2,"comment_status":"closed","ping_status":"closed","template":"template\/about-us.php","meta":{"_acf_changed":false,"footnotes":""},"class_list":["post-2261","page","type-page","status-publish","hentry"],"acf":[],"yoast_head":"<!-- This site is optimized with the Yoast SEO plugin v24.8.1 - https:\/\/yoast.com\/wordpress\/plugins\/seo\/ -->\n<title>Office de tarification - De Westvlaamse Apothekersvereniging<\/title>\n<meta name=\"robots\" content=\"index, follow, max-snippet:-1, max-image-preview:large, max-video-preview:-1\" \/>\n<link rel=\"canonical\" href=\"https:\/\/www.dewestvlaamse.be\/fr\/nos-services\/tarificatiedienst\/\" \/>\n<meta property=\"og:locale\" content=\"fr_FR\" \/>\n<meta property=\"og:type\" content=\"article\" \/>\n<meta property=\"og:title\" content=\"Office de tarification - De Westvlaamse Apothekersvereniging\" \/>\n<meta property=\"og:description\" content=\"Team Apr. Inge Huysentruyt Hilde Devlaminck Ilse De Vriese Andreea Raita Claudine [&hellip;]\" \/>\n<meta property=\"og:url\" content=\"https:\/\/www.dewestvlaamse.be\/fr\/nos-services\/tarificatiedienst\/\" \/>\n<meta property=\"og:site_name\" content=\"De Westvlaamse Apothekersvereniging\" \/>\n<meta property=\"article:modified_time\" content=\"2025-12-16T15:24:26+00:00\" \/>\n<meta name=\"twitter:card\" content=\"summary_large_image\" \/>\n<meta name=\"twitter:label1\" content=\"Dur\u00e9e de lecture estim\u00e9e\" \/>\n\t<meta name=\"twitter:data1\" content=\"1 minute\" \/>\n<script type=\"application\/ld+json\" class=\"yoast-schema-graph\">{\"@context\":\"https:\/\/schema.org\",\"@graph\":[{\"@type\":\"WebPage\",\"@id\":\"https:\/\/www.dewestvlaamse.be\/fr\/nos-services\/tarificatiedienst\/\",\"url\":\"https:\/\/www.dewestvlaamse.be\/fr\/nos-services\/tarificatiedienst\/\",\"name\":\"Office de tarification - De Westvlaamse Apothekersvereniging\",\"isPartOf\":{\"@id\":\"https:\/\/www.dewestvlaamse.be\/fr\/#website\"},\"datePublished\":\"2023-06-19T14:15:09+00:00\",\"dateModified\":\"2025-12-16T15:24:26+00:00\",\"breadcrumb\":{\"@id\":\"https:\/\/www.dewestvlaamse.be\/fr\/nos-services\/tarificatiedienst\/#breadcrumb\"},\"inLanguage\":\"fr-FR\",\"potentialAction\":[{\"@type\":\"ReadAction\",\"target\":[\"https:\/\/www.dewestvlaamse.be\/fr\/nos-services\/tarificatiedienst\/\"]}]},{\"@type\":\"BreadcrumbList\",\"@id\":\"https:\/\/www.dewestvlaamse.be\/fr\/nos-services\/tarificatiedienst\/#breadcrumb\",\"itemListElement\":[{\"@type\":\"ListItem\",\"position\":1,\"name\":\"Home\",\"item\":\"https:\/\/www.dewestvlaamse.be\/fr\/\"},{\"@type\":\"ListItem\",\"position\":2,\"name\":\"Nos services\",\"item\":\"https:\/\/www.dewestvlaamse.be\/fr\/nos-services\/\"},{\"@type\":\"ListItem\",\"position\":3,\"name\":\"Office de tarification\"}]},{\"@type\":\"WebSite\",\"@id\":\"https:\/\/www.dewestvlaamse.be\/fr\/#website\",\"url\":\"https:\/\/www.dewestvlaamse.be\/fr\/\",\"name\":\"De Westvlaamse Apothekersvereniging\",\"description\":\"\",\"publisher\":{\"@id\":\"https:\/\/www.dewestvlaamse.be\/fr\/#organization\"},\"potentialAction\":[{\"@type\":\"SearchAction\",\"target\":{\"@type\":\"EntryPoint\",\"urlTemplate\":\"https:\/\/www.dewestvlaamse.be\/fr\/?s={search_term_string}\"},\"query-input\":{\"@type\":\"PropertyValueSpecification\",\"valueRequired\":true,\"valueName\":\"search_term_string\"}}],\"inLanguage\":\"fr-FR\"},{\"@type\":\"Organization\",\"@id\":\"https:\/\/www.dewestvlaamse.be\/fr\/#organization\",\"name\":\"De Westvlaamse Apothekersvereniging\",\"url\":\"https:\/\/www.dewestvlaamse.be\/fr\/\",\"logo\":{\"@type\":\"ImageObject\",\"inLanguage\":\"fr-FR\",\"@id\":\"https:\/\/www.dewestvlaamse.be\/fr\/#\/schema\/logo\/image\/\",\"url\":\"https:\/\/www.dewestvlaamse.be\/wp-content\/uploads\/2023\/02\/logo.png\",\"contentUrl\":\"https:\/\/www.dewestvlaamse.be\/wp-content\/uploads\/2023\/02\/logo.png\",\"width\":453,\"height\":91,\"caption\":\"De Westvlaamse Apothekersvereniging\"},\"image\":{\"@id\":\"https:\/\/www.dewestvlaamse.be\/fr\/#\/schema\/logo\/image\/\"}}]}<\/script>\n<!-- \/ Yoast SEO plugin. -->","yoast_head_json":{"title":"Office de tarification - De Westvlaamse Apothekersvereniging","robots":{"index":"index","follow":"follow","max-snippet":"max-snippet:-1","max-image-preview":"max-image-preview:large","max-video-preview":"max-video-preview:-1"},"canonical":"https:\/\/www.dewestvlaamse.be\/fr\/nos-services\/tarificatiedienst\/","og_locale":"fr_FR","og_type":"article","og_title":"Office de tarification - De Westvlaamse Apothekersvereniging","og_description":"Team Apr. Inge Huysentruyt Hilde Devlaminck Ilse De Vriese Andreea Raita Claudine [&hellip;]","og_url":"https:\/\/www.dewestvlaamse.be\/fr\/nos-services\/tarificatiedienst\/","og_site_name":"De Westvlaamse Apothekersvereniging","article_modified_time":"2025-12-16T15:24:26+00:00","twitter_card":"summary_large_image","twitter_misc":{"Dur\u00e9e de lecture estim\u00e9e":"1 minute"},"schema":{"@context":"https:\/\/schema.org","@graph":[{"@type":"WebPage","@id":"https:\/\/www.dewestvlaamse.be\/fr\/nos-services\/tarificatiedienst\/","url":"https:\/\/www.dewestvlaamse.be\/fr\/nos-services\/tarificatiedienst\/","name":"Office de tarification - De Westvlaamse Apothekersvereniging","isPartOf":{"@id":"https:\/\/www.dewestvlaamse.be\/fr\/#website"},"datePublished":"2023-06-19T14:15:09+00:00","dateModified":"2025-12-16T15:24:26+00:00","breadcrumb":{"@id":"https:\/\/www.dewestvlaamse.be\/fr\/nos-services\/tarificatiedienst\/#breadcrumb"},"inLanguage":"fr-FR","potentialAction":[{"@type":"ReadAction","target":["https:\/\/www.dewestvlaamse.be\/fr\/nos-services\/tarificatiedienst\/"]}]},{"@type":"BreadcrumbList","@id":"https:\/\/www.dewestvlaamse.be\/fr\/nos-services\/tarificatiedienst\/#breadcrumb","itemListElement":[{"@type":"ListItem","position":1,"name":"Home","item":"https:\/\/www.dewestvlaamse.be\/fr\/"},{"@type":"ListItem","position":2,"name":"Nos services","item":"https:\/\/www.dewestvlaamse.be\/fr\/nos-services\/"},{"@type":"ListItem","position":3,"name":"Office de tarification"}]},{"@type":"WebSite","@id":"https:\/\/www.dewestvlaamse.be\/fr\/#website","url":"https:\/\/www.dewestvlaamse.be\/fr\/","name":"De Westvlaamse Apothekersvereniging","description":"","publisher":{"@id":"https:\/\/www.dewestvlaamse.be\/fr\/#organization"},"potentialAction":[{"@type":"SearchAction","target":{"@type":"EntryPoint","urlTemplate":"https:\/\/www.dewestvlaamse.be\/fr\/?s={search_term_string}"},"query-input":{"@type":"PropertyValueSpecification","valueRequired":true,"valueName":"search_term_string"}}],"inLanguage":"fr-FR"},{"@type":"Organization","@id":"https:\/\/www.dewestvlaamse.be\/fr\/#organization","name":"De Westvlaamse Apothekersvereniging","url":"https:\/\/www.dewestvlaamse.be\/fr\/","logo":{"@type":"ImageObject","inLanguage":"fr-FR","@id":"https:\/\/www.dewestvlaamse.be\/fr\/#\/schema\/logo\/image\/","url":"https:\/\/www.dewestvlaamse.be\/wp-content\/uploads\/2023\/02\/logo.png","contentUrl":"https:\/\/www.dewestvlaamse.be\/wp-content\/uploads\/2023\/02\/logo.png","width":453,"height":91,"caption":"De Westvlaamse Apothekersvereniging"},"image":{"@id":"https:\/\/www.dewestvlaamse.be\/fr\/#\/schema\/logo\/image\/"}}]}},"publishpress_future_action":{"enabled":false,"date":"2026-04-30 16:33:25","action":"change-status","newStatus":"draft","terms":[],"taxonomy":"translation_priority"},"publishpress_future_workflow_manual_trigger":{"enabledWorkflows":[]},"_links":{"self":[{"href":"https:\/\/www.dewestvlaamse.be\/fr\/wp-json\/wp\/v2\/pages\/2261","targetHints":{"allow":["GET"]}}],"collection":[{"href":"https:\/\/www.dewestvlaamse.be\/fr\/wp-json\/wp\/v2\/pages"}],"about":[{"href":"https:\/\/www.dewestvlaamse.be\/fr\/wp-json\/wp\/v2\/types\/page"}],"author":[{"embeddable":true,"href":"https:\/\/www.dewestvlaamse.be\/fr\/wp-json\/wp\/v2\/users\/1"}],"replies":[{"embeddable":true,"href":"https:\/\/www.dewestvlaamse.be\/fr\/wp-json\/wp\/v2\/comments?post=2261"}],"version-history":[{"count":3,"href":"https:\/\/www.dewestvlaamse.be\/fr\/wp-json\/wp\/v2\/pages\/2261\/revisions"}],"predecessor-version":[{"id":7150,"href":"https:\/\/www.dewestvlaamse.be\/fr\/wp-json\/wp\/v2\/pages\/2261\/revisions\/7150"}],"up":[{"embeddable":true,"href":"https:\/\/www.dewestvlaamse.be\/fr\/wp-json\/wp\/v2\/pages\/2069"}],"wp:attachment":[{"href":"https:\/\/www.dewestvlaamse.be\/fr\/wp-json\/wp\/v2\/media?parent=2261"}],"curies":[{"name":"wp","href":"https:\/\/api.w.org\/{rel}","templated":true}]}}