{"id":1966,"date":"2023-06-21T10:34:31","date_gmt":"2023-06-21T08:34:31","guid":{"rendered":"https:\/\/www.dewestvlaamse.be\/over-ons\/adviesraad-beroepsontwikkeling\/"},"modified":"2023-08-23T12:23:54","modified_gmt":"2023-08-23T10:23:54","slug":"adviesraad-beroepsontwikkeling","status":"publish","type":"page","link":"https:\/\/www.dewestvlaamse.be\/fr\/over-ons\/adviesraad-beroepsontwikkeling\/","title":{"rendered":"Le conseil consultatif du d\u00e9veloppement professionnel"},"content":{"rendered":"<p>Le conseil consultatif du d\u00e9veloppement professionnel traite toutes les questions relatives aux pharmaciens en tant que prestataires de soins de sant\u00e9.<\/p><p>Le conseil consultatif :<\/p><ul class=\"wp-block-list\"><li>initie de nouveaux projets locaux et assure le suivi des projets en cours;<\/li>\n\n<li>participe aux campagnes lanc\u00e9es par APB ou d&#8217;autres organisations (locales);<\/li>\n\n<li>promeut la coop\u00e9ration multidisciplinaire;<\/li>\n\n<li>s&#8217;occupe de la digitalisation du secteur;<\/li>\n\n<li>organise des formations pour nos membres;<\/li>\n\n<li>investit dans la prochaine g\u00e9n\u00e9ration de pharmaciens en collaboration avec les universit\u00e9s.<\/li><\/ul><h2 class=\"wp-block-heading\">Composition<\/h2><p>Apr. Christophe Blanckaert<br>Apr. Th\u00e9r\u00e8se Debaeke<br>Apr. Pia Desmet<br>Apr. Candide Jacobs<br>Apr. Nils Jacobs<br>Apr. Dieter Lafaut<br>Apr. Ann-Katrien Morlion<br>Apr. Ann Gheleyns<br>Apr. Brecht Hoste<br>Apr. Inge Huysentruyt<br>Apr. Tamara Polet<br>Apr. Louis Sustronck<br>Apr. Frank Vander Stichele<\/p>","protected":false},"excerpt":{"rendered":"<p>Le conseil consultatif du d\u00e9veloppement professionnel traite toutes les questions relatives aux [&hellip;]<\/p>\n","protected":false},"author":1,"featured_media":0,"parent":1587,"menu_order":16,"comment_status":"closed","ping_status":"closed","template":"template\/about-us.php","meta":{"_acf_changed":false,"footnotes":""},"class_list":["post-1966","page","type-page","status-publish","hentry"],"acf":[],"yoast_head":"<!-- This site is optimized with the Yoast SEO plugin v24.8.1 - https:\/\/yoast.com\/wordpress\/plugins\/seo\/ -->\n<title>Le conseil consultatif du d\u00e9veloppement professionnel - De Westvlaamse Apothekersvereniging<\/title>\n<meta name=\"robots\" content=\"index, follow, max-snippet:-1, max-image-preview:large, max-video-preview:-1\" \/>\n<link rel=\"canonical\" href=\"https:\/\/www.dewestvlaamse.be\/fr\/over-ons\/adviesraad-beroepsontwikkeling\/\" \/>\n<meta property=\"og:locale\" content=\"fr_FR\" \/>\n<meta property=\"og:type\" content=\"article\" \/>\n<meta property=\"og:title\" content=\"Le conseil consultatif du d\u00e9veloppement professionnel - De Westvlaamse Apothekersvereniging\" \/>\n<meta property=\"og:description\" content=\"Le conseil consultatif du d\u00e9veloppement professionnel traite toutes les questions relatives aux [&hellip;]\" \/>\n<meta property=\"og:url\" content=\"https:\/\/www.dewestvlaamse.be\/fr\/over-ons\/adviesraad-beroepsontwikkeling\/\" \/>\n<meta property=\"og:site_name\" content=\"De Westvlaamse Apothekersvereniging\" \/>\n<meta property=\"article:modified_time\" content=\"2023-08-23T10:23:54+00:00\" \/>\n<meta name=\"twitter:card\" content=\"summary_large_image\" \/>\n<meta name=\"twitter:label1\" content=\"Dur\u00e9e de lecture estim\u00e9e\" \/>\n\t<meta name=\"twitter:data1\" content=\"1 minute\" \/>\n<script type=\"application\/ld+json\" class=\"yoast-schema-graph\">{\"@context\":\"https:\/\/schema.org\",\"@graph\":[{\"@type\":\"WebPage\",\"@id\":\"https:\/\/www.dewestvlaamse.be\/fr\/over-ons\/adviesraad-beroepsontwikkeling\/\",\"url\":\"https:\/\/www.dewestvlaamse.be\/fr\/over-ons\/adviesraad-beroepsontwikkeling\/\",\"name\":\"Le conseil consultatif du d\u00e9veloppement professionnel - De Westvlaamse Apothekersvereniging\",\"isPartOf\":{\"@id\":\"https:\/\/www.dewestvlaamse.be\/fr\/#website\"},\"datePublished\":\"2023-06-21T08:34:31+00:00\",\"dateModified\":\"2023-08-23T10:23:54+00:00\",\"breadcrumb\":{\"@id\":\"https:\/\/www.dewestvlaamse.be\/fr\/over-ons\/adviesraad-beroepsontwikkeling\/#breadcrumb\"},\"inLanguage\":\"fr-FR\",\"potentialAction\":[{\"@type\":\"ReadAction\",\"target\":[\"https:\/\/www.dewestvlaamse.be\/fr\/over-ons\/adviesraad-beroepsontwikkeling\/\"]}]},{\"@type\":\"BreadcrumbList\",\"@id\":\"https:\/\/www.dewestvlaamse.be\/fr\/over-ons\/adviesraad-beroepsontwikkeling\/#breadcrumb\",\"itemListElement\":[{\"@type\":\"ListItem\",\"position\":1,\"name\":\"Home\",\"item\":\"https:\/\/www.dewestvlaamse.be\/fr\/\"},{\"@type\":\"ListItem\",\"position\":2,\"name\":\"\u00c0 propos de nous\",\"item\":\"https:\/\/www.dewestvlaamse.be\/fr\/over-ons\/\"},{\"@type\":\"ListItem\",\"position\":3,\"name\":\"Le conseil consultatif du d\u00e9veloppement professionnel\"}]},{\"@type\":\"WebSite\",\"@id\":\"https:\/\/www.dewestvlaamse.be\/fr\/#website\",\"url\":\"https:\/\/www.dewestvlaamse.be\/fr\/\",\"name\":\"De Westvlaamse Apothekersvereniging\",\"description\":\"\",\"publisher\":{\"@id\":\"https:\/\/www.dewestvlaamse.be\/fr\/#organization\"},\"potentialAction\":[{\"@type\":\"SearchAction\",\"target\":{\"@type\":\"EntryPoint\",\"urlTemplate\":\"https:\/\/www.dewestvlaamse.be\/fr\/?s={search_term_string}\"},\"query-input\":{\"@type\":\"PropertyValueSpecification\",\"valueRequired\":true,\"valueName\":\"search_term_string\"}}],\"inLanguage\":\"fr-FR\"},{\"@type\":\"Organization\",\"@id\":\"https:\/\/www.dewestvlaamse.be\/fr\/#organization\",\"name\":\"De Westvlaamse Apothekersvereniging\",\"url\":\"https:\/\/www.dewestvlaamse.be\/fr\/\",\"logo\":{\"@type\":\"ImageObject\",\"inLanguage\":\"fr-FR\",\"@id\":\"https:\/\/www.dewestvlaamse.be\/fr\/#\/schema\/logo\/image\/\",\"url\":\"https:\/\/www.dewestvlaamse.be\/wp-content\/uploads\/2023\/02\/logo.png\",\"contentUrl\":\"https:\/\/www.dewestvlaamse.be\/wp-content\/uploads\/2023\/02\/logo.png\",\"width\":453,\"height\":91,\"caption\":\"De Westvlaamse Apothekersvereniging\"},\"image\":{\"@id\":\"https:\/\/www.dewestvlaamse.be\/fr\/#\/schema\/logo\/image\/\"}}]}<\/script>\n<!-- \/ Yoast SEO plugin. -->","yoast_head_json":{"title":"Le conseil consultatif du d\u00e9veloppement professionnel - De Westvlaamse Apothekersvereniging","robots":{"index":"index","follow":"follow","max-snippet":"max-snippet:-1","max-image-preview":"max-image-preview:large","max-video-preview":"max-video-preview:-1"},"canonical":"https:\/\/www.dewestvlaamse.be\/fr\/over-ons\/adviesraad-beroepsontwikkeling\/","og_locale":"fr_FR","og_type":"article","og_title":"Le conseil consultatif du d\u00e9veloppement professionnel - De Westvlaamse Apothekersvereniging","og_description":"Le conseil consultatif du d\u00e9veloppement professionnel traite toutes les questions relatives aux [&hellip;]","og_url":"https:\/\/www.dewestvlaamse.be\/fr\/over-ons\/adviesraad-beroepsontwikkeling\/","og_site_name":"De Westvlaamse Apothekersvereniging","article_modified_time":"2023-08-23T10:23:54+00:00","twitter_card":"summary_large_image","twitter_misc":{"Dur\u00e9e de lecture estim\u00e9e":"1 minute"},"schema":{"@context":"https:\/\/schema.org","@graph":[{"@type":"WebPage","@id":"https:\/\/www.dewestvlaamse.be\/fr\/over-ons\/adviesraad-beroepsontwikkeling\/","url":"https:\/\/www.dewestvlaamse.be\/fr\/over-ons\/adviesraad-beroepsontwikkeling\/","name":"Le conseil consultatif du d\u00e9veloppement professionnel - De Westvlaamse Apothekersvereniging","isPartOf":{"@id":"https:\/\/www.dewestvlaamse.be\/fr\/#website"},"datePublished":"2023-06-21T08:34:31+00:00","dateModified":"2023-08-23T10:23:54+00:00","breadcrumb":{"@id":"https:\/\/www.dewestvlaamse.be\/fr\/over-ons\/adviesraad-beroepsontwikkeling\/#breadcrumb"},"inLanguage":"fr-FR","potentialAction":[{"@type":"ReadAction","target":["https:\/\/www.dewestvlaamse.be\/fr\/over-ons\/adviesraad-beroepsontwikkeling\/"]}]},{"@type":"BreadcrumbList","@id":"https:\/\/www.dewestvlaamse.be\/fr\/over-ons\/adviesraad-beroepsontwikkeling\/#breadcrumb","itemListElement":[{"@type":"ListItem","position":1,"name":"Home","item":"https:\/\/www.dewestvlaamse.be\/fr\/"},{"@type":"ListItem","position":2,"name":"\u00c0 propos de nous","item":"https:\/\/www.dewestvlaamse.be\/fr\/over-ons\/"},{"@type":"ListItem","position":3,"name":"Le conseil consultatif du d\u00e9veloppement professionnel"}]},{"@type":"WebSite","@id":"https:\/\/www.dewestvlaamse.be\/fr\/#website","url":"https:\/\/www.dewestvlaamse.be\/fr\/","name":"De Westvlaamse Apothekersvereniging","description":"","publisher":{"@id":"https:\/\/www.dewestvlaamse.be\/fr\/#organization"},"potentialAction":[{"@type":"SearchAction","target":{"@type":"EntryPoint","urlTemplate":"https:\/\/www.dewestvlaamse.be\/fr\/?s={search_term_string}"},"query-input":{"@type":"PropertyValueSpecification","valueRequired":true,"valueName":"search_term_string"}}],"inLanguage":"fr-FR"},{"@type":"Organization","@id":"https:\/\/www.dewestvlaamse.be\/fr\/#organization","name":"De Westvlaamse Apothekersvereniging","url":"https:\/\/www.dewestvlaamse.be\/fr\/","logo":{"@type":"ImageObject","inLanguage":"fr-FR","@id":"https:\/\/www.dewestvlaamse.be\/fr\/#\/schema\/logo\/image\/","url":"https:\/\/www.dewestvlaamse.be\/wp-content\/uploads\/2023\/02\/logo.png","contentUrl":"https:\/\/www.dewestvlaamse.be\/wp-content\/uploads\/2023\/02\/logo.png","width":453,"height":91,"caption":"De Westvlaamse Apothekersvereniging"},"image":{"@id":"https:\/\/www.dewestvlaamse.be\/fr\/#\/schema\/logo\/image\/"}}]}},"publishpress_future_action":{"enabled":false,"date":"2026-04-26 12:45:22","action":"change-status","newStatus":"draft","terms":[],"taxonomy":"translation_priority"},"publishpress_future_workflow_manual_trigger":{"enabledWorkflows":[]},"_links":{"self":[{"href":"https:\/\/www.dewestvlaamse.be\/fr\/wp-json\/wp\/v2\/pages\/1966","targetHints":{"allow":["GET"]}}],"collection":[{"href":"https:\/\/www.dewestvlaamse.be\/fr\/wp-json\/wp\/v2\/pages"}],"about":[{"href":"https:\/\/www.dewestvlaamse.be\/fr\/wp-json\/wp\/v2\/types\/page"}],"author":[{"embeddable":true,"href":"https:\/\/www.dewestvlaamse.be\/fr\/wp-json\/wp\/v2\/users\/1"}],"replies":[{"embeddable":true,"href":"https:\/\/www.dewestvlaamse.be\/fr\/wp-json\/wp\/v2\/comments?post=1966"}],"version-history":[{"count":1,"href":"https:\/\/www.dewestvlaamse.be\/fr\/wp-json\/wp\/v2\/pages\/1966\/revisions"}],"predecessor-version":[{"id":1969,"href":"https:\/\/www.dewestvlaamse.be\/fr\/wp-json\/wp\/v2\/pages\/1966\/revisions\/1969"}],"up":[{"embeddable":true,"href":"https:\/\/www.dewestvlaamse.be\/fr\/wp-json\/wp\/v2\/pages\/1587"}],"wp:attachment":[{"href":"https:\/\/www.dewestvlaamse.be\/fr\/wp-json\/wp\/v2\/media?parent=1966"}],"curies":[{"name":"wp","href":"https:\/\/api.w.org\/{rel}","templated":true}]}}