{"id":1957,"date":"2023-02-22T15:19:07","date_gmt":"2023-02-22T14:19:07","guid":{"rendered":"https:\/\/www.dewestvlaamse.be\/over-ons\/it\/"},"modified":"2023-08-23T12:25:04","modified_gmt":"2023-08-23T10:25:04","slug":"it","status":"publish","type":"page","link":"https:\/\/www.dewestvlaamse.be\/fr\/over-ons\/it\/","title":{"rendered":"Le conseil consultatif de l&#8217;office de tarification, gestion et \u00e9conomie"},"content":{"rendered":"<p>Le Conseil consultatif de l&#8217;office de tarification, gestion et \u00e9conomie s&#8217;occupe des t\u00e2ches suivantes:<\/p><ul class=\"wp-block-list\"><li>Conseils relatifs \u00e0 d&#8217;\u00e9ventuels achats group\u00e9s;<\/li>\n\n<li>Examen des chiffres trimestriels du service de tarification;<\/li>\n\n<li>Suivi des nouveaux services dans les pharmacies;<\/li>\n\n<li>Conseil en mati\u00e8re de logiciels pour les pharmacies;<\/li>\n\n<li>Organisation de formations sur l&#8217;organisation et la gestion d&#8217;une pharmacie.<\/li><\/ul><h2 class=\"wp-block-heading\">Composition<\/h2><p>Apr. Klaas Debruyne<br>Apr. Martin Devos<br>Apr. Inge Huysentruyt<br>Apr. Candide Jacobs<br>Apr. Paul Larmuseau<br>Apr. Joost Lemey<br>Apr. Kris Marrannes<br>Apr. Steven Meulemeester<br>Apr. Dries Minne<br>Apr. Myriam Vanden Broucke<br>Apr. Filip Vermeulen<br>Apr. Carl Vuylsteke<\/p>","protected":false},"excerpt":{"rendered":"<p>Le Conseil consultatif de l&#8217;office de tarification, gestion et \u00e9conomie s&#8217;occupe des [&hellip;]<\/p>\n","protected":false},"author":1,"featured_media":0,"parent":1587,"menu_order":15,"comment_status":"closed","ping_status":"closed","template":"template\/about-us.php","meta":{"_acf_changed":false,"footnotes":""},"class_list":["post-1957","page","type-page","status-publish","hentry"],"acf":[],"yoast_head":"<!-- This site is optimized with the Yoast SEO plugin v24.8.1 - https:\/\/yoast.com\/wordpress\/plugins\/seo\/ -->\n<title>Le conseil consultatif de l&#039;office de tarification, gestion et \u00e9conomie - De Westvlaamse Apothekersvereniging<\/title>\n<meta name=\"robots\" content=\"index, follow, max-snippet:-1, max-image-preview:large, max-video-preview:-1\" \/>\n<link rel=\"canonical\" href=\"https:\/\/www.dewestvlaamse.be\/fr\/over-ons\/it\/\" \/>\n<meta property=\"og:locale\" content=\"fr_FR\" \/>\n<meta property=\"og:type\" content=\"article\" \/>\n<meta property=\"og:title\" content=\"Le conseil consultatif de l&#039;office de tarification, gestion et \u00e9conomie - De Westvlaamse Apothekersvereniging\" \/>\n<meta property=\"og:description\" content=\"Le Conseil consultatif de l&#8217;office de tarification, gestion et \u00e9conomie s&#8217;occupe des [&hellip;]\" \/>\n<meta property=\"og:url\" content=\"https:\/\/www.dewestvlaamse.be\/fr\/over-ons\/it\/\" \/>\n<meta property=\"og:site_name\" content=\"De Westvlaamse Apothekersvereniging\" \/>\n<meta property=\"article:modified_time\" content=\"2023-08-23T10:25:04+00:00\" \/>\n<meta name=\"twitter:card\" content=\"summary_large_image\" \/>\n<meta name=\"twitter:label1\" content=\"Dur\u00e9e de lecture estim\u00e9e\" \/>\n\t<meta name=\"twitter:data1\" content=\"1 minute\" \/>\n<script type=\"application\/ld+json\" class=\"yoast-schema-graph\">{\"@context\":\"https:\/\/schema.org\",\"@graph\":[{\"@type\":\"WebPage\",\"@id\":\"https:\/\/www.dewestvlaamse.be\/fr\/over-ons\/it\/\",\"url\":\"https:\/\/www.dewestvlaamse.be\/fr\/over-ons\/it\/\",\"name\":\"Le conseil consultatif de l'office de tarification, gestion et \u00e9conomie - De Westvlaamse Apothekersvereniging\",\"isPartOf\":{\"@id\":\"https:\/\/www.dewestvlaamse.be\/fr\/#website\"},\"datePublished\":\"2023-02-22T14:19:07+00:00\",\"dateModified\":\"2023-08-23T10:25:04+00:00\",\"breadcrumb\":{\"@id\":\"https:\/\/www.dewestvlaamse.be\/fr\/over-ons\/it\/#breadcrumb\"},\"inLanguage\":\"fr-FR\",\"potentialAction\":[{\"@type\":\"ReadAction\",\"target\":[\"https:\/\/www.dewestvlaamse.be\/fr\/over-ons\/it\/\"]}]},{\"@type\":\"BreadcrumbList\",\"@id\":\"https:\/\/www.dewestvlaamse.be\/fr\/over-ons\/it\/#breadcrumb\",\"itemListElement\":[{\"@type\":\"ListItem\",\"position\":1,\"name\":\"Home\",\"item\":\"https:\/\/www.dewestvlaamse.be\/fr\/\"},{\"@type\":\"ListItem\",\"position\":2,\"name\":\"\u00c0 propos de nous\",\"item\":\"https:\/\/www.dewestvlaamse.be\/fr\/over-ons\/\"},{\"@type\":\"ListItem\",\"position\":3,\"name\":\"Le conseil consultatif de l&#8217;office de tarification, gestion et \u00e9conomie\"}]},{\"@type\":\"WebSite\",\"@id\":\"https:\/\/www.dewestvlaamse.be\/fr\/#website\",\"url\":\"https:\/\/www.dewestvlaamse.be\/fr\/\",\"name\":\"De Westvlaamse Apothekersvereniging\",\"description\":\"\",\"publisher\":{\"@id\":\"https:\/\/www.dewestvlaamse.be\/fr\/#organization\"},\"potentialAction\":[{\"@type\":\"SearchAction\",\"target\":{\"@type\":\"EntryPoint\",\"urlTemplate\":\"https:\/\/www.dewestvlaamse.be\/fr\/?s={search_term_string}\"},\"query-input\":{\"@type\":\"PropertyValueSpecification\",\"valueRequired\":true,\"valueName\":\"search_term_string\"}}],\"inLanguage\":\"fr-FR\"},{\"@type\":\"Organization\",\"@id\":\"https:\/\/www.dewestvlaamse.be\/fr\/#organization\",\"name\":\"De Westvlaamse Apothekersvereniging\",\"url\":\"https:\/\/www.dewestvlaamse.be\/fr\/\",\"logo\":{\"@type\":\"ImageObject\",\"inLanguage\":\"fr-FR\",\"@id\":\"https:\/\/www.dewestvlaamse.be\/fr\/#\/schema\/logo\/image\/\",\"url\":\"https:\/\/www.dewestvlaamse.be\/wp-content\/uploads\/2023\/02\/logo.png\",\"contentUrl\":\"https:\/\/www.dewestvlaamse.be\/wp-content\/uploads\/2023\/02\/logo.png\",\"width\":453,\"height\":91,\"caption\":\"De Westvlaamse Apothekersvereniging\"},\"image\":{\"@id\":\"https:\/\/www.dewestvlaamse.be\/fr\/#\/schema\/logo\/image\/\"}}]}<\/script>\n<!-- \/ Yoast SEO plugin. -->","yoast_head_json":{"title":"Le conseil consultatif de l'office de tarification, gestion et \u00e9conomie - De Westvlaamse Apothekersvereniging","robots":{"index":"index","follow":"follow","max-snippet":"max-snippet:-1","max-image-preview":"max-image-preview:large","max-video-preview":"max-video-preview:-1"},"canonical":"https:\/\/www.dewestvlaamse.be\/fr\/over-ons\/it\/","og_locale":"fr_FR","og_type":"article","og_title":"Le conseil consultatif de l'office de tarification, gestion et \u00e9conomie - De Westvlaamse Apothekersvereniging","og_description":"Le Conseil consultatif de l&#8217;office de tarification, gestion et \u00e9conomie s&#8217;occupe des [&hellip;]","og_url":"https:\/\/www.dewestvlaamse.be\/fr\/over-ons\/it\/","og_site_name":"De Westvlaamse Apothekersvereniging","article_modified_time":"2023-08-23T10:25:04+00:00","twitter_card":"summary_large_image","twitter_misc":{"Dur\u00e9e de lecture estim\u00e9e":"1 minute"},"schema":{"@context":"https:\/\/schema.org","@graph":[{"@type":"WebPage","@id":"https:\/\/www.dewestvlaamse.be\/fr\/over-ons\/it\/","url":"https:\/\/www.dewestvlaamse.be\/fr\/over-ons\/it\/","name":"Le conseil consultatif de l'office de tarification, gestion et \u00e9conomie - De Westvlaamse Apothekersvereniging","isPartOf":{"@id":"https:\/\/www.dewestvlaamse.be\/fr\/#website"},"datePublished":"2023-02-22T14:19:07+00:00","dateModified":"2023-08-23T10:25:04+00:00","breadcrumb":{"@id":"https:\/\/www.dewestvlaamse.be\/fr\/over-ons\/it\/#breadcrumb"},"inLanguage":"fr-FR","potentialAction":[{"@type":"ReadAction","target":["https:\/\/www.dewestvlaamse.be\/fr\/over-ons\/it\/"]}]},{"@type":"BreadcrumbList","@id":"https:\/\/www.dewestvlaamse.be\/fr\/over-ons\/it\/#breadcrumb","itemListElement":[{"@type":"ListItem","position":1,"name":"Home","item":"https:\/\/www.dewestvlaamse.be\/fr\/"},{"@type":"ListItem","position":2,"name":"\u00c0 propos de nous","item":"https:\/\/www.dewestvlaamse.be\/fr\/over-ons\/"},{"@type":"ListItem","position":3,"name":"Le conseil consultatif de l&#8217;office de tarification, gestion et \u00e9conomie"}]},{"@type":"WebSite","@id":"https:\/\/www.dewestvlaamse.be\/fr\/#website","url":"https:\/\/www.dewestvlaamse.be\/fr\/","name":"De Westvlaamse Apothekersvereniging","description":"","publisher":{"@id":"https:\/\/www.dewestvlaamse.be\/fr\/#organization"},"potentialAction":[{"@type":"SearchAction","target":{"@type":"EntryPoint","urlTemplate":"https:\/\/www.dewestvlaamse.be\/fr\/?s={search_term_string}"},"query-input":{"@type":"PropertyValueSpecification","valueRequired":true,"valueName":"search_term_string"}}],"inLanguage":"fr-FR"},{"@type":"Organization","@id":"https:\/\/www.dewestvlaamse.be\/fr\/#organization","name":"De Westvlaamse Apothekersvereniging","url":"https:\/\/www.dewestvlaamse.be\/fr\/","logo":{"@type":"ImageObject","inLanguage":"fr-FR","@id":"https:\/\/www.dewestvlaamse.be\/fr\/#\/schema\/logo\/image\/","url":"https:\/\/www.dewestvlaamse.be\/wp-content\/uploads\/2023\/02\/logo.png","contentUrl":"https:\/\/www.dewestvlaamse.be\/wp-content\/uploads\/2023\/02\/logo.png","width":453,"height":91,"caption":"De Westvlaamse Apothekersvereniging"},"image":{"@id":"https:\/\/www.dewestvlaamse.be\/fr\/#\/schema\/logo\/image\/"}}]}},"publishpress_future_action":{"enabled":false,"date":"2026-04-30 12:45:33","action":"change-status","newStatus":"draft","terms":[],"taxonomy":"translation_priority"},"publishpress_future_workflow_manual_trigger":{"enabledWorkflows":[]},"_links":{"self":[{"href":"https:\/\/www.dewestvlaamse.be\/fr\/wp-json\/wp\/v2\/pages\/1957","targetHints":{"allow":["GET"]}}],"collection":[{"href":"https:\/\/www.dewestvlaamse.be\/fr\/wp-json\/wp\/v2\/pages"}],"about":[{"href":"https:\/\/www.dewestvlaamse.be\/fr\/wp-json\/wp\/v2\/types\/page"}],"author":[{"embeddable":true,"href":"https:\/\/www.dewestvlaamse.be\/fr\/wp-json\/wp\/v2\/users\/1"}],"replies":[{"embeddable":true,"href":"https:\/\/www.dewestvlaamse.be\/fr\/wp-json\/wp\/v2\/comments?post=1957"}],"version-history":[{"count":2,"href":"https:\/\/www.dewestvlaamse.be\/fr\/wp-json\/wp\/v2\/pages\/1957\/revisions"}],"predecessor-version":[{"id":1970,"href":"https:\/\/www.dewestvlaamse.be\/fr\/wp-json\/wp\/v2\/pages\/1957\/revisions\/1970"}],"up":[{"embeddable":true,"href":"https:\/\/www.dewestvlaamse.be\/fr\/wp-json\/wp\/v2\/pages\/1587"}],"wp:attachment":[{"href":"https:\/\/www.dewestvlaamse.be\/fr\/wp-json\/wp\/v2\/media?parent=1957"}],"curies":[{"name":"wp","href":"https:\/\/api.w.org\/{rel}","templated":true}]}}