{"id":1952,"date":"2023-06-19T16:18:13","date_gmt":"2023-06-19T14:18:13","guid":{"rendered":"https:\/\/www.dewestvlaamse.be\/over-ons\/raad-van-bestuur\/"},"modified":"2024-05-29T16:24:07","modified_gmt":"2024-05-29T14:24:07","slug":"raad-van-bestuur","status":"publish","type":"page","link":"https:\/\/www.dewestvlaamse.be\/fr\/over-ons\/raad-van-bestuur\/","title":{"rendered":"Le conseil d&#8217;administration"},"content":{"rendered":"<p><strong>Le conseil d&#8217;administration<\/strong> est compos\u00e9 de 16 membres au maximum, dont un pr\u00e9sident, un vice-pr\u00e9sident, un secr\u00e9taire et un tr\u00e9sorier. Tous les membres du conseil d&#8217;administration sont \u00e9lus pour un mandat de trois ans et peuvent se repr\u00e9senter jusqu&#8217;\u00e0 l&#8217;\u00e2ge de 65 ans.<\/p><p>Les membres du conseil d&#8217;administration sont \u00e9lus par l&#8217;assembl\u00e9e g\u00e9n\u00e9rale.<\/p><p><\/p><h2 class=\"wp-block-heading\">Composition<\/h2><p><a href=\"https:\/\/www.dewestvlaamse.be\/download\/over-ons-samenstelling-bestuur-de-westvlaamse-2023\/?wpdmdl=1703&refresh=69e9ee1a72aad1776938522\" target=\"_blank\" rel=\"noreferrer noopener\">Composition du conseil d&#8217;administration De Westvlaamse<\/a> (N\u00e9erlandais).<\/p><h2 class=\"wp-block-heading\"><strong>R\u00e8glement d&#8217;ordre int\u00e9rieur et statuts<\/strong><\/h2><p>Cliquez ici pour consulter <a href=\"https:\/\/www.dewestvlaamse.be\/download\/over-ons-intern-reglement-de-westvlaamse-2022\/?wpdmdl=1785&amp;refresh=64e5d5e44b1491692784100\" target=\"_blank\" rel=\"noreferrer noopener\">le r\u00e8glement d&#8217;ordre int\u00e9rieur<\/a> et  <a href=\"https:\/\/www.dewestvlaamse.be\/download\/over-ons-statuten-de-westvlaamse-2020\/?wpdmdl=1786&amp;refresh=64e5d5e44bc771692784100\" target=\"_blank\" rel=\"noreferrer noopener\">les les statuts de DWVL.<\/a> (N\u00e9erlandais)<\/p><h2 class=\"wp-block-heading\">Contact<\/h2><p>Contactez le conseil d\u2019administration \u00e0 l&#8217;adresse mail <a href=\"mailto:bestuur@dewestvlaamse.be\">bestuur@dewestvlaamse.be<\/a><\/p>","protected":false},"excerpt":{"rendered":"<p>Le conseil d&#8217;administration est compos\u00e9 de 16 membres au maximum, dont un [&hellip;]<\/p>\n","protected":false},"author":1,"featured_media":0,"parent":1587,"menu_order":0,"comment_status":"closed","ping_status":"closed","template":"template\/about-us.php","meta":{"_acf_changed":false,"footnotes":""},"class_list":["post-1952","page","type-page","status-publish","hentry"],"acf":[],"yoast_head":"<!-- This site is optimized with the Yoast SEO plugin v24.8.1 - https:\/\/yoast.com\/wordpress\/plugins\/seo\/ -->\n<title>Le conseil d&#039;administration - De Westvlaamse Apothekersvereniging<\/title>\n<meta name=\"robots\" content=\"index, follow, max-snippet:-1, max-image-preview:large, max-video-preview:-1\" \/>\n<link rel=\"canonical\" href=\"https:\/\/www.dewestvlaamse.be\/fr\/over-ons\/raad-van-bestuur\/\" \/>\n<meta property=\"og:locale\" content=\"fr_FR\" \/>\n<meta property=\"og:type\" content=\"article\" \/>\n<meta property=\"og:title\" content=\"Le conseil d&#039;administration - De Westvlaamse Apothekersvereniging\" \/>\n<meta property=\"og:description\" content=\"Le conseil d&#8217;administration est compos\u00e9 de 16 membres au maximum, dont un [&hellip;]\" \/>\n<meta property=\"og:url\" content=\"https:\/\/www.dewestvlaamse.be\/fr\/over-ons\/raad-van-bestuur\/\" \/>\n<meta property=\"og:site_name\" content=\"De Westvlaamse Apothekersvereniging\" \/>\n<meta property=\"article:modified_time\" content=\"2024-05-29T14:24:07+00:00\" \/>\n<meta name=\"twitter:card\" content=\"summary_large_image\" \/>\n<meta name=\"twitter:label1\" content=\"Dur\u00e9e de lecture estim\u00e9e\" \/>\n\t<meta name=\"twitter:data1\" content=\"1 minute\" \/>\n<script type=\"application\/ld+json\" class=\"yoast-schema-graph\">{\"@context\":\"https:\/\/schema.org\",\"@graph\":[{\"@type\":\"WebPage\",\"@id\":\"https:\/\/www.dewestvlaamse.be\/fr\/over-ons\/raad-van-bestuur\/\",\"url\":\"https:\/\/www.dewestvlaamse.be\/fr\/over-ons\/raad-van-bestuur\/\",\"name\":\"Le conseil d'administration - De Westvlaamse Apothekersvereniging\",\"isPartOf\":{\"@id\":\"https:\/\/www.dewestvlaamse.be\/fr\/#website\"},\"datePublished\":\"2023-06-19T14:18:13+00:00\",\"dateModified\":\"2024-05-29T14:24:07+00:00\",\"breadcrumb\":{\"@id\":\"https:\/\/www.dewestvlaamse.be\/fr\/over-ons\/raad-van-bestuur\/#breadcrumb\"},\"inLanguage\":\"fr-FR\",\"potentialAction\":[{\"@type\":\"ReadAction\",\"target\":[\"https:\/\/www.dewestvlaamse.be\/fr\/over-ons\/raad-van-bestuur\/\"]}]},{\"@type\":\"BreadcrumbList\",\"@id\":\"https:\/\/www.dewestvlaamse.be\/fr\/over-ons\/raad-van-bestuur\/#breadcrumb\",\"itemListElement\":[{\"@type\":\"ListItem\",\"position\":1,\"name\":\"Home\",\"item\":\"https:\/\/www.dewestvlaamse.be\/fr\/\"},{\"@type\":\"ListItem\",\"position\":2,\"name\":\"\u00c0 propos de nous\",\"item\":\"https:\/\/www.dewestvlaamse.be\/fr\/over-ons\/\"},{\"@type\":\"ListItem\",\"position\":3,\"name\":\"Le conseil d&#8217;administration\"}]},{\"@type\":\"WebSite\",\"@id\":\"https:\/\/www.dewestvlaamse.be\/fr\/#website\",\"url\":\"https:\/\/www.dewestvlaamse.be\/fr\/\",\"name\":\"De Westvlaamse Apothekersvereniging\",\"description\":\"\",\"publisher\":{\"@id\":\"https:\/\/www.dewestvlaamse.be\/fr\/#organization\"},\"potentialAction\":[{\"@type\":\"SearchAction\",\"target\":{\"@type\":\"EntryPoint\",\"urlTemplate\":\"https:\/\/www.dewestvlaamse.be\/fr\/?s={search_term_string}\"},\"query-input\":{\"@type\":\"PropertyValueSpecification\",\"valueRequired\":true,\"valueName\":\"search_term_string\"}}],\"inLanguage\":\"fr-FR\"},{\"@type\":\"Organization\",\"@id\":\"https:\/\/www.dewestvlaamse.be\/fr\/#organization\",\"name\":\"De Westvlaamse Apothekersvereniging\",\"url\":\"https:\/\/www.dewestvlaamse.be\/fr\/\",\"logo\":{\"@type\":\"ImageObject\",\"inLanguage\":\"fr-FR\",\"@id\":\"https:\/\/www.dewestvlaamse.be\/fr\/#\/schema\/logo\/image\/\",\"url\":\"https:\/\/www.dewestvlaamse.be\/wp-content\/uploads\/2023\/02\/logo.png\",\"contentUrl\":\"https:\/\/www.dewestvlaamse.be\/wp-content\/uploads\/2023\/02\/logo.png\",\"width\":453,\"height\":91,\"caption\":\"De Westvlaamse Apothekersvereniging\"},\"image\":{\"@id\":\"https:\/\/www.dewestvlaamse.be\/fr\/#\/schema\/logo\/image\/\"}}]}<\/script>\n<!-- \/ Yoast SEO plugin. -->","yoast_head_json":{"title":"Le conseil d'administration - De Westvlaamse Apothekersvereniging","robots":{"index":"index","follow":"follow","max-snippet":"max-snippet:-1","max-image-preview":"max-image-preview:large","max-video-preview":"max-video-preview:-1"},"canonical":"https:\/\/www.dewestvlaamse.be\/fr\/over-ons\/raad-van-bestuur\/","og_locale":"fr_FR","og_type":"article","og_title":"Le conseil d'administration - De Westvlaamse Apothekersvereniging","og_description":"Le conseil d&#8217;administration est compos\u00e9 de 16 membres au maximum, dont un [&hellip;]","og_url":"https:\/\/www.dewestvlaamse.be\/fr\/over-ons\/raad-van-bestuur\/","og_site_name":"De Westvlaamse Apothekersvereniging","article_modified_time":"2024-05-29T14:24:07+00:00","twitter_card":"summary_large_image","twitter_misc":{"Dur\u00e9e de lecture estim\u00e9e":"1 minute"},"schema":{"@context":"https:\/\/schema.org","@graph":[{"@type":"WebPage","@id":"https:\/\/www.dewestvlaamse.be\/fr\/over-ons\/raad-van-bestuur\/","url":"https:\/\/www.dewestvlaamse.be\/fr\/over-ons\/raad-van-bestuur\/","name":"Le conseil d'administration - De Westvlaamse Apothekersvereniging","isPartOf":{"@id":"https:\/\/www.dewestvlaamse.be\/fr\/#website"},"datePublished":"2023-06-19T14:18:13+00:00","dateModified":"2024-05-29T14:24:07+00:00","breadcrumb":{"@id":"https:\/\/www.dewestvlaamse.be\/fr\/over-ons\/raad-van-bestuur\/#breadcrumb"},"inLanguage":"fr-FR","potentialAction":[{"@type":"ReadAction","target":["https:\/\/www.dewestvlaamse.be\/fr\/over-ons\/raad-van-bestuur\/"]}]},{"@type":"BreadcrumbList","@id":"https:\/\/www.dewestvlaamse.be\/fr\/over-ons\/raad-van-bestuur\/#breadcrumb","itemListElement":[{"@type":"ListItem","position":1,"name":"Home","item":"https:\/\/www.dewestvlaamse.be\/fr\/"},{"@type":"ListItem","position":2,"name":"\u00c0 propos de nous","item":"https:\/\/www.dewestvlaamse.be\/fr\/over-ons\/"},{"@type":"ListItem","position":3,"name":"Le conseil d&#8217;administration"}]},{"@type":"WebSite","@id":"https:\/\/www.dewestvlaamse.be\/fr\/#website","url":"https:\/\/www.dewestvlaamse.be\/fr\/","name":"De Westvlaamse Apothekersvereniging","description":"","publisher":{"@id":"https:\/\/www.dewestvlaamse.be\/fr\/#organization"},"potentialAction":[{"@type":"SearchAction","target":{"@type":"EntryPoint","urlTemplate":"https:\/\/www.dewestvlaamse.be\/fr\/?s={search_term_string}"},"query-input":{"@type":"PropertyValueSpecification","valueRequired":true,"valueName":"search_term_string"}}],"inLanguage":"fr-FR"},{"@type":"Organization","@id":"https:\/\/www.dewestvlaamse.be\/fr\/#organization","name":"De Westvlaamse Apothekersvereniging","url":"https:\/\/www.dewestvlaamse.be\/fr\/","logo":{"@type":"ImageObject","inLanguage":"fr-FR","@id":"https:\/\/www.dewestvlaamse.be\/fr\/#\/schema\/logo\/image\/","url":"https:\/\/www.dewestvlaamse.be\/wp-content\/uploads\/2023\/02\/logo.png","contentUrl":"https:\/\/www.dewestvlaamse.be\/wp-content\/uploads\/2023\/02\/logo.png","width":453,"height":91,"caption":"De Westvlaamse Apothekersvereniging"},"image":{"@id":"https:\/\/www.dewestvlaamse.be\/fr\/#\/schema\/logo\/image\/"}}]}},"publishpress_future_action":{"enabled":false,"date":"2026-04-30 12:02:02","action":"change-status","newStatus":"draft","terms":[],"taxonomy":"translation_priority"},"publishpress_future_workflow_manual_trigger":{"enabledWorkflows":[]},"_links":{"self":[{"href":"https:\/\/www.dewestvlaamse.be\/fr\/wp-json\/wp\/v2\/pages\/1952","targetHints":{"allow":["GET"]}}],"collection":[{"href":"https:\/\/www.dewestvlaamse.be\/fr\/wp-json\/wp\/v2\/pages"}],"about":[{"href":"https:\/\/www.dewestvlaamse.be\/fr\/wp-json\/wp\/v2\/types\/page"}],"author":[{"embeddable":true,"href":"https:\/\/www.dewestvlaamse.be\/fr\/wp-json\/wp\/v2\/users\/1"}],"replies":[{"embeddable":true,"href":"https:\/\/www.dewestvlaamse.be\/fr\/wp-json\/wp\/v2\/comments?post=1952"}],"version-history":[{"count":5,"href":"https:\/\/www.dewestvlaamse.be\/fr\/wp-json\/wp\/v2\/pages\/1952\/revisions"}],"predecessor-version":[{"id":4254,"href":"https:\/\/www.dewestvlaamse.be\/fr\/wp-json\/wp\/v2\/pages\/1952\/revisions\/4254"}],"up":[{"embeddable":true,"href":"https:\/\/www.dewestvlaamse.be\/fr\/wp-json\/wp\/v2\/pages\/1587"}],"wp:attachment":[{"href":"https:\/\/www.dewestvlaamse.be\/fr\/wp-json\/wp\/v2\/media?parent=1952"}],"curies":[{"name":"wp","href":"https:\/\/api.w.org\/{rel}","templated":true}]}}