{"id":1587,"date":"2023-02-13T11:50:10","date_gmt":"2023-02-13T10:50:10","guid":{"rendered":"https:\/\/www.dewestvlaamse.be\/over-ons\/"},"modified":"2023-09-18T10:57:42","modified_gmt":"2023-09-18T08:57:42","slug":"over-ons","status":"publish","type":"page","link":"https:\/\/www.dewestvlaamse.be\/fr\/over-ons\/","title":{"rendered":"\u00c0 propos de nous"},"content":{"rendered":"<p>De Westvlaamse Apothekersvereniging promeut et d\u00e9fend les int\u00e9r\u00eats de ses membres pharmaciens et fournit des outils afin de r\u00e9aliser le positionnement de la pharmacie sur le march\u00e9 :<\/p><ul class=\"wp-block-list\"><li>Au niveau social<\/li>\n\n<li>Au niveau scientifique<\/li>\n\n<li>Au niveau \u00e9conomique<\/li><\/ul><p>DWVL&nbsp;offre \u00e0 ses pharmaciens membres un ensemble de services complets et de haute qualit\u00e9.<\/p><h3 class=\"wp-block-heading\">MISSION<\/h3><p>La mission premi\u00e8re de DWVL est de d\u00e9fendre les int\u00e9r\u00eats des pharmaciens et de leur personnel. Elle rev\u00eat donc une grande importance dans ce contexte :<\/p><ul class=\"wp-block-list\"><li>\u00eatre pr\u00e9sent dans les diff\u00e9rents groupes de travail du gouvernement;<\/li>\n\n<li>avoir une bonne repr\u00e9sentation au sein de l&#8217;APB;<\/li>\n\n<li>favoriser les contacts avec les prestataires de soins de sant\u00e9 de 1\u00e8re et 2\u00e8me ligne.<\/li><\/ul><h3 class=\"wp-block-heading\">OBJECTIFS<\/h3><p>Les quatre objectifs principaux de DWVL sont les suivants:<\/p><ul class=\"wp-block-list\"><li>La d\u00e9fense professionnelle au niveau local et provincial;<\/li>\n\n<li>Repr\u00e9sentation de la province au niveau national (APB);<\/li>\n\n<li>Promouvoir le dialogue entre les pharmaciens et les autres prestataires de soins de sant\u00e9;<\/li>\n\n<li>Apporter un soutien logistique \u00e0 la pharmacie.<\/li><\/ul><p><\/p><div style=\"height:31px\" aria-hidden=\"true\" class=\"wp-block-spacer\"><\/div><h6 class=\"wp-block-heading has-text-align-center has-medium-font-size\" style=\"text-transform:uppercase\"><a href=\"https:\/\/www.dewestvlaamse.be\/fr\/lid-worden\/\"><strong>DEVENIR MEMBRE<\/strong><\/a><\/h6>","protected":false},"excerpt":{"rendered":"<p>De Westvlaamse Apothekersvereniging promeut et d\u00e9fend les int\u00e9r\u00eats de ses membres pharmaciens [&hellip;]<\/p>\n","protected":false},"author":1,"featured_media":0,"parent":0,"menu_order":5,"comment_status":"closed","ping_status":"closed","template":"template\/about-us.php","meta":{"_acf_changed":false,"footnotes":""},"class_list":["post-1587","page","type-page","status-publish","hentry"],"acf":[],"yoast_head":"<!-- This site is optimized with the Yoast SEO plugin v24.8.1 - https:\/\/yoast.com\/wordpress\/plugins\/seo\/ -->\n<title>\u00c0 propos de nous - De Westvlaamse Apothekersvereniging<\/title>\n<meta name=\"robots\" content=\"index, follow, max-snippet:-1, max-image-preview:large, max-video-preview:-1\" \/>\n<link rel=\"canonical\" href=\"https:\/\/www.dewestvlaamse.be\/fr\/over-ons\/\" \/>\n<meta property=\"og:locale\" content=\"fr_FR\" \/>\n<meta property=\"og:type\" content=\"article\" \/>\n<meta property=\"og:title\" content=\"\u00c0 propos de nous - De Westvlaamse Apothekersvereniging\" \/>\n<meta property=\"og:description\" content=\"De Westvlaamse Apothekersvereniging promeut et d\u00e9fend les int\u00e9r\u00eats de ses membres pharmaciens [&hellip;]\" \/>\n<meta property=\"og:url\" content=\"https:\/\/www.dewestvlaamse.be\/fr\/over-ons\/\" \/>\n<meta property=\"og:site_name\" content=\"De Westvlaamse Apothekersvereniging\" \/>\n<meta property=\"article:modified_time\" content=\"2023-09-18T08:57:42+00:00\" \/>\n<meta name=\"twitter:card\" content=\"summary_large_image\" \/>\n<meta name=\"twitter:label1\" content=\"Dur\u00e9e de lecture estim\u00e9e\" \/>\n\t<meta name=\"twitter:data1\" content=\"1 minute\" \/>\n<script type=\"application\/ld+json\" class=\"yoast-schema-graph\">{\"@context\":\"https:\/\/schema.org\",\"@graph\":[{\"@type\":\"WebPage\",\"@id\":\"https:\/\/www.dewestvlaamse.be\/fr\/over-ons\/\",\"url\":\"https:\/\/www.dewestvlaamse.be\/fr\/over-ons\/\",\"name\":\"\u00c0 propos de nous - De Westvlaamse Apothekersvereniging\",\"isPartOf\":{\"@id\":\"https:\/\/www.dewestvlaamse.be\/fr\/#website\"},\"datePublished\":\"2023-02-13T10:50:10+00:00\",\"dateModified\":\"2023-09-18T08:57:42+00:00\",\"breadcrumb\":{\"@id\":\"https:\/\/www.dewestvlaamse.be\/fr\/over-ons\/#breadcrumb\"},\"inLanguage\":\"fr-FR\",\"potentialAction\":[{\"@type\":\"ReadAction\",\"target\":[\"https:\/\/www.dewestvlaamse.be\/fr\/over-ons\/\"]}]},{\"@type\":\"BreadcrumbList\",\"@id\":\"https:\/\/www.dewestvlaamse.be\/fr\/over-ons\/#breadcrumb\",\"itemListElement\":[{\"@type\":\"ListItem\",\"position\":1,\"name\":\"Home\",\"item\":\"https:\/\/www.dewestvlaamse.be\/fr\/\"},{\"@type\":\"ListItem\",\"position\":2,\"name\":\"\u00c0 propos de nous\"}]},{\"@type\":\"WebSite\",\"@id\":\"https:\/\/www.dewestvlaamse.be\/fr\/#website\",\"url\":\"https:\/\/www.dewestvlaamse.be\/fr\/\",\"name\":\"De Westvlaamse Apothekersvereniging\",\"description\":\"\",\"publisher\":{\"@id\":\"https:\/\/www.dewestvlaamse.be\/fr\/#organization\"},\"potentialAction\":[{\"@type\":\"SearchAction\",\"target\":{\"@type\":\"EntryPoint\",\"urlTemplate\":\"https:\/\/www.dewestvlaamse.be\/fr\/?s={search_term_string}\"},\"query-input\":{\"@type\":\"PropertyValueSpecification\",\"valueRequired\":true,\"valueName\":\"search_term_string\"}}],\"inLanguage\":\"fr-FR\"},{\"@type\":\"Organization\",\"@id\":\"https:\/\/www.dewestvlaamse.be\/fr\/#organization\",\"name\":\"De Westvlaamse Apothekersvereniging\",\"url\":\"https:\/\/www.dewestvlaamse.be\/fr\/\",\"logo\":{\"@type\":\"ImageObject\",\"inLanguage\":\"fr-FR\",\"@id\":\"https:\/\/www.dewestvlaamse.be\/fr\/#\/schema\/logo\/image\/\",\"url\":\"https:\/\/www.dewestvlaamse.be\/wp-content\/uploads\/2023\/02\/logo.png\",\"contentUrl\":\"https:\/\/www.dewestvlaamse.be\/wp-content\/uploads\/2023\/02\/logo.png\",\"width\":453,\"height\":91,\"caption\":\"De Westvlaamse Apothekersvereniging\"},\"image\":{\"@id\":\"https:\/\/www.dewestvlaamse.be\/fr\/#\/schema\/logo\/image\/\"}}]}<\/script>\n<!-- \/ Yoast SEO plugin. -->","yoast_head_json":{"title":"\u00c0 propos de nous - De Westvlaamse Apothekersvereniging","robots":{"index":"index","follow":"follow","max-snippet":"max-snippet:-1","max-image-preview":"max-image-preview:large","max-video-preview":"max-video-preview:-1"},"canonical":"https:\/\/www.dewestvlaamse.be\/fr\/over-ons\/","og_locale":"fr_FR","og_type":"article","og_title":"\u00c0 propos de nous - De Westvlaamse Apothekersvereniging","og_description":"De Westvlaamse Apothekersvereniging promeut et d\u00e9fend les int\u00e9r\u00eats de ses membres pharmaciens [&hellip;]","og_url":"https:\/\/www.dewestvlaamse.be\/fr\/over-ons\/","og_site_name":"De Westvlaamse Apothekersvereniging","article_modified_time":"2023-09-18T08:57:42+00:00","twitter_card":"summary_large_image","twitter_misc":{"Dur\u00e9e de lecture estim\u00e9e":"1 minute"},"schema":{"@context":"https:\/\/schema.org","@graph":[{"@type":"WebPage","@id":"https:\/\/www.dewestvlaamse.be\/fr\/over-ons\/","url":"https:\/\/www.dewestvlaamse.be\/fr\/over-ons\/","name":"\u00c0 propos de nous - De Westvlaamse Apothekersvereniging","isPartOf":{"@id":"https:\/\/www.dewestvlaamse.be\/fr\/#website"},"datePublished":"2023-02-13T10:50:10+00:00","dateModified":"2023-09-18T08:57:42+00:00","breadcrumb":{"@id":"https:\/\/www.dewestvlaamse.be\/fr\/over-ons\/#breadcrumb"},"inLanguage":"fr-FR","potentialAction":[{"@type":"ReadAction","target":["https:\/\/www.dewestvlaamse.be\/fr\/over-ons\/"]}]},{"@type":"BreadcrumbList","@id":"https:\/\/www.dewestvlaamse.be\/fr\/over-ons\/#breadcrumb","itemListElement":[{"@type":"ListItem","position":1,"name":"Home","item":"https:\/\/www.dewestvlaamse.be\/fr\/"},{"@type":"ListItem","position":2,"name":"\u00c0 propos de nous"}]},{"@type":"WebSite","@id":"https:\/\/www.dewestvlaamse.be\/fr\/#website","url":"https:\/\/www.dewestvlaamse.be\/fr\/","name":"De Westvlaamse Apothekersvereniging","description":"","publisher":{"@id":"https:\/\/www.dewestvlaamse.be\/fr\/#organization"},"potentialAction":[{"@type":"SearchAction","target":{"@type":"EntryPoint","urlTemplate":"https:\/\/www.dewestvlaamse.be\/fr\/?s={search_term_string}"},"query-input":{"@type":"PropertyValueSpecification","valueRequired":true,"valueName":"search_term_string"}}],"inLanguage":"fr-FR"},{"@type":"Organization","@id":"https:\/\/www.dewestvlaamse.be\/fr\/#organization","name":"De Westvlaamse Apothekersvereniging","url":"https:\/\/www.dewestvlaamse.be\/fr\/","logo":{"@type":"ImageObject","inLanguage":"fr-FR","@id":"https:\/\/www.dewestvlaamse.be\/fr\/#\/schema\/logo\/image\/","url":"https:\/\/www.dewestvlaamse.be\/wp-content\/uploads\/2023\/02\/logo.png","contentUrl":"https:\/\/www.dewestvlaamse.be\/wp-content\/uploads\/2023\/02\/logo.png","width":453,"height":91,"caption":"De Westvlaamse Apothekersvereniging"},"image":{"@id":"https:\/\/www.dewestvlaamse.be\/fr\/#\/schema\/logo\/image\/"}}]}},"publishpress_future_action":{"enabled":false,"date":"2026-04-24 12:07:42","action":"change-status","newStatus":"draft","terms":[],"taxonomy":"translation_priority"},"publishpress_future_workflow_manual_trigger":{"enabledWorkflows":[]},"_links":{"self":[{"href":"https:\/\/www.dewestvlaamse.be\/fr\/wp-json\/wp\/v2\/pages\/1587","targetHints":{"allow":["GET"]}}],"collection":[{"href":"https:\/\/www.dewestvlaamse.be\/fr\/wp-json\/wp\/v2\/pages"}],"about":[{"href":"https:\/\/www.dewestvlaamse.be\/fr\/wp-json\/wp\/v2\/types\/page"}],"author":[{"embeddable":true,"href":"https:\/\/www.dewestvlaamse.be\/fr\/wp-json\/wp\/v2\/users\/1"}],"replies":[{"embeddable":true,"href":"https:\/\/www.dewestvlaamse.be\/fr\/wp-json\/wp\/v2\/comments?post=1587"}],"version-history":[{"count":5,"href":"https:\/\/www.dewestvlaamse.be\/fr\/wp-json\/wp\/v2\/pages\/1587\/revisions"}],"predecessor-version":[{"id":2277,"href":"https:\/\/www.dewestvlaamse.be\/fr\/wp-json\/wp\/v2\/pages\/1587\/revisions\/2277"}],"wp:attachment":[{"href":"https:\/\/www.dewestvlaamse.be\/fr\/wp-json\/wp\/v2\/media?parent=1587"}],"curies":[{"name":"wp","href":"https:\/\/api.w.org\/{rel}","templated":true}]}}