{"id":1583,"date":"2023-02-21T14:57:49","date_gmt":"2023-02-21T13:57:49","guid":{"rendered":"https:\/\/www.dewestvlaamse.be\/lid-worden\/"},"modified":"2023-09-19T09:13:54","modified_gmt":"2023-09-19T07:13:54","slug":"lid-worden","status":"publish","type":"page","link":"https:\/\/www.dewestvlaamse.be\/fr\/lid-worden\/","title":{"rendered":"Devenir membre"},"content":{"rendered":"<p>DWVL, acronyme \u00abDe Westvlaamse apothekersvereniging\u00bb est une association professionnelle dynamique qui rassemble plus de 1000 affili\u00e9s. DWVL d\u00e9fend les int\u00e9r\u00eats de ses membres aux niveaux local et national en ce qui concerne toutes les facettes de leur vie professionnelle.<\/p><p>En tant que membre de l&#8217;association professionnelle, vous avez acc\u00e8s \u00e0 nos services, publications et formations connus. Une s\u00e9lections de notre offre:<\/p><ul class=\"wp-block-list\"><li>Vous pouvez faire appel \u00e0 l&#8217;<strong>assistance t\u00e9l\u00e9phonique<\/strong>. Chaque jour ouvrable, vous pouvez nous joindre de 8h30 jusqu&#8217;\u00e0 17h pour vos questions les plus vari\u00e9es.<\/li>\n\n<li>Vous pouvez participer \u00e0 des <strong>achats ou collectes group\u00e9s<\/strong>, toujours \u00e0 un tarif avantageux.<\/li>\n\n<li>Notre <strong>service D\u00e9veloppement<\/strong> <strong>de la profession<\/strong> d\u00e9tecte les nouveaux d\u00e9veloppements qui d\u00e9finiront notre profession.<\/li>\n\n<li>Vous pouvez participer \u00e0 <strong>nos formations et nos soir\u00e9es d&#8217;information<\/strong>, qui sont toujours consacr\u00e9es \u00e0 des sujets actuels et pertinents<\/li>\n\n<li>DWVL fait tout ce qui est en son pouvoir <strong>pour informer<\/strong> ses membres de fa\u00e7on d\u00e9taill\u00e9e et professionnelle sur les \u00e9volutions professionnelles aux niveaux local et national, par le biais <strong>un bulletin d&#8217;informations<\/strong> ( les nouvelles br\u00e8ves) et <strong>notre site web<\/strong>.<\/li>\n\n<li>&#8230;<\/li><\/ul><ul class=\"wp-block-list\"><\/ul><p><\/p><div style=\"height:3rem\" aria-hidden=\"true\" class=\"wp-block-spacer\"><\/div><h2 class=\"wp-block-heading\">Vous souhaitez devenir membre de notre union?<\/h2><p>N&#8217;h\u00e9sitez pas \u00e0 nous contacter au num\u00e9ro 051\/691120<\/p><p>Nous sommes \u00e0 l&#8217;\u00e9coute de vos commentaires et suggestions.<\/p><div style=\"height:100px\" aria-hidden=\"true\" class=\"wp-block-spacer\"><\/div><p><em>L&#8217;adh\u00e9sion \u00e0 l&#8217;association professionnelle par le paiement de la cotisation implique explicitement l&#8217;acceptation de la politique de confidentialit\u00e9 et des conditions g\u00e9n\u00e9rales de la Westvlaamse Apothekersvereniging.<\/em><\/p>","protected":false},"excerpt":{"rendered":"<p>DWVL, acronyme \u00abDe Westvlaamse apothekersvereniging\u00bb est une association professionnelle dynamique qui rassemble [&hellip;]<\/p>\n","protected":false},"author":1,"featured_media":0,"parent":0,"menu_order":0,"comment_status":"closed","ping_status":"closed","template":"","meta":{"_acf_changed":false,"footnotes":""},"class_list":["post-1583","page","type-page","status-publish","hentry"],"acf":[],"yoast_head":"<!-- This site is optimized with the Yoast SEO plugin v24.8.1 - https:\/\/yoast.com\/wordpress\/plugins\/seo\/ -->\n<title>Devenir membre - De Westvlaamse Apothekersvereniging<\/title>\n<meta name=\"robots\" content=\"index, follow, max-snippet:-1, max-image-preview:large, max-video-preview:-1\" \/>\n<link rel=\"canonical\" href=\"https:\/\/www.dewestvlaamse.be\/fr\/lid-worden\/\" \/>\n<meta property=\"og:locale\" content=\"fr_FR\" \/>\n<meta property=\"og:type\" content=\"article\" \/>\n<meta property=\"og:title\" content=\"Devenir membre - De Westvlaamse Apothekersvereniging\" \/>\n<meta property=\"og:description\" content=\"DWVL, acronyme \u00abDe Westvlaamse apothekersvereniging\u00bb est une association professionnelle dynamique qui rassemble [&hellip;]\" \/>\n<meta property=\"og:url\" content=\"https:\/\/www.dewestvlaamse.be\/fr\/lid-worden\/\" \/>\n<meta property=\"og:site_name\" content=\"De Westvlaamse Apothekersvereniging\" \/>\n<meta property=\"article:modified_time\" content=\"2023-09-19T07:13:54+00:00\" \/>\n<meta name=\"twitter:card\" content=\"summary_large_image\" \/>\n<meta name=\"twitter:label1\" content=\"Dur\u00e9e de lecture estim\u00e9e\" \/>\n\t<meta name=\"twitter:data1\" content=\"2 minutes\" \/>\n<script type=\"application\/ld+json\" class=\"yoast-schema-graph\">{\"@context\":\"https:\/\/schema.org\",\"@graph\":[{\"@type\":\"WebPage\",\"@id\":\"https:\/\/www.dewestvlaamse.be\/fr\/lid-worden\/\",\"url\":\"https:\/\/www.dewestvlaamse.be\/fr\/lid-worden\/\",\"name\":\"Devenir membre - De Westvlaamse Apothekersvereniging\",\"isPartOf\":{\"@id\":\"https:\/\/www.dewestvlaamse.be\/fr\/#website\"},\"datePublished\":\"2023-02-21T13:57:49+00:00\",\"dateModified\":\"2023-09-19T07:13:54+00:00\",\"breadcrumb\":{\"@id\":\"https:\/\/www.dewestvlaamse.be\/fr\/lid-worden\/#breadcrumb\"},\"inLanguage\":\"fr-FR\",\"potentialAction\":[{\"@type\":\"ReadAction\",\"target\":[\"https:\/\/www.dewestvlaamse.be\/fr\/lid-worden\/\"]}]},{\"@type\":\"BreadcrumbList\",\"@id\":\"https:\/\/www.dewestvlaamse.be\/fr\/lid-worden\/#breadcrumb\",\"itemListElement\":[{\"@type\":\"ListItem\",\"position\":1,\"name\":\"Home\",\"item\":\"https:\/\/www.dewestvlaamse.be\/fr\/\"},{\"@type\":\"ListItem\",\"position\":2,\"name\":\"Devenir membre\"}]},{\"@type\":\"WebSite\",\"@id\":\"https:\/\/www.dewestvlaamse.be\/fr\/#website\",\"url\":\"https:\/\/www.dewestvlaamse.be\/fr\/\",\"name\":\"De Westvlaamse Apothekersvereniging\",\"description\":\"\",\"publisher\":{\"@id\":\"https:\/\/www.dewestvlaamse.be\/fr\/#organization\"},\"potentialAction\":[{\"@type\":\"SearchAction\",\"target\":{\"@type\":\"EntryPoint\",\"urlTemplate\":\"https:\/\/www.dewestvlaamse.be\/fr\/?s={search_term_string}\"},\"query-input\":{\"@type\":\"PropertyValueSpecification\",\"valueRequired\":true,\"valueName\":\"search_term_string\"}}],\"inLanguage\":\"fr-FR\"},{\"@type\":\"Organization\",\"@id\":\"https:\/\/www.dewestvlaamse.be\/fr\/#organization\",\"name\":\"De Westvlaamse Apothekersvereniging\",\"url\":\"https:\/\/www.dewestvlaamse.be\/fr\/\",\"logo\":{\"@type\":\"ImageObject\",\"inLanguage\":\"fr-FR\",\"@id\":\"https:\/\/www.dewestvlaamse.be\/fr\/#\/schema\/logo\/image\/\",\"url\":\"https:\/\/www.dewestvlaamse.be\/wp-content\/uploads\/2023\/02\/logo.png\",\"contentUrl\":\"https:\/\/www.dewestvlaamse.be\/wp-content\/uploads\/2023\/02\/logo.png\",\"width\":453,\"height\":91,\"caption\":\"De Westvlaamse Apothekersvereniging\"},\"image\":{\"@id\":\"https:\/\/www.dewestvlaamse.be\/fr\/#\/schema\/logo\/image\/\"}}]}<\/script>\n<!-- \/ Yoast SEO plugin. -->","yoast_head_json":{"title":"Devenir membre - De Westvlaamse Apothekersvereniging","robots":{"index":"index","follow":"follow","max-snippet":"max-snippet:-1","max-image-preview":"max-image-preview:large","max-video-preview":"max-video-preview:-1"},"canonical":"https:\/\/www.dewestvlaamse.be\/fr\/lid-worden\/","og_locale":"fr_FR","og_type":"article","og_title":"Devenir membre - De Westvlaamse Apothekersvereniging","og_description":"DWVL, acronyme \u00abDe Westvlaamse apothekersvereniging\u00bb est une association professionnelle dynamique qui rassemble [&hellip;]","og_url":"https:\/\/www.dewestvlaamse.be\/fr\/lid-worden\/","og_site_name":"De Westvlaamse Apothekersvereniging","article_modified_time":"2023-09-19T07:13:54+00:00","twitter_card":"summary_large_image","twitter_misc":{"Dur\u00e9e de lecture estim\u00e9e":"2 minutes"},"schema":{"@context":"https:\/\/schema.org","@graph":[{"@type":"WebPage","@id":"https:\/\/www.dewestvlaamse.be\/fr\/lid-worden\/","url":"https:\/\/www.dewestvlaamse.be\/fr\/lid-worden\/","name":"Devenir membre - De Westvlaamse Apothekersvereniging","isPartOf":{"@id":"https:\/\/www.dewestvlaamse.be\/fr\/#website"},"datePublished":"2023-02-21T13:57:49+00:00","dateModified":"2023-09-19T07:13:54+00:00","breadcrumb":{"@id":"https:\/\/www.dewestvlaamse.be\/fr\/lid-worden\/#breadcrumb"},"inLanguage":"fr-FR","potentialAction":[{"@type":"ReadAction","target":["https:\/\/www.dewestvlaamse.be\/fr\/lid-worden\/"]}]},{"@type":"BreadcrumbList","@id":"https:\/\/www.dewestvlaamse.be\/fr\/lid-worden\/#breadcrumb","itemListElement":[{"@type":"ListItem","position":1,"name":"Home","item":"https:\/\/www.dewestvlaamse.be\/fr\/"},{"@type":"ListItem","position":2,"name":"Devenir membre"}]},{"@type":"WebSite","@id":"https:\/\/www.dewestvlaamse.be\/fr\/#website","url":"https:\/\/www.dewestvlaamse.be\/fr\/","name":"De Westvlaamse Apothekersvereniging","description":"","publisher":{"@id":"https:\/\/www.dewestvlaamse.be\/fr\/#organization"},"potentialAction":[{"@type":"SearchAction","target":{"@type":"EntryPoint","urlTemplate":"https:\/\/www.dewestvlaamse.be\/fr\/?s={search_term_string}"},"query-input":{"@type":"PropertyValueSpecification","valueRequired":true,"valueName":"search_term_string"}}],"inLanguage":"fr-FR"},{"@type":"Organization","@id":"https:\/\/www.dewestvlaamse.be\/fr\/#organization","name":"De Westvlaamse Apothekersvereniging","url":"https:\/\/www.dewestvlaamse.be\/fr\/","logo":{"@type":"ImageObject","inLanguage":"fr-FR","@id":"https:\/\/www.dewestvlaamse.be\/fr\/#\/schema\/logo\/image\/","url":"https:\/\/www.dewestvlaamse.be\/wp-content\/uploads\/2023\/02\/logo.png","contentUrl":"https:\/\/www.dewestvlaamse.be\/wp-content\/uploads\/2023\/02\/logo.png","width":453,"height":91,"caption":"De Westvlaamse Apothekersvereniging"},"image":{"@id":"https:\/\/www.dewestvlaamse.be\/fr\/#\/schema\/logo\/image\/"}}]}},"publishpress_future_action":{"enabled":false,"date":"2026-04-25 10:39:23","action":"change-status","newStatus":"draft","terms":[],"taxonomy":"translation_priority"},"publishpress_future_workflow_manual_trigger":{"enabledWorkflows":[]},"_links":{"self":[{"href":"https:\/\/www.dewestvlaamse.be\/fr\/wp-json\/wp\/v2\/pages\/1583","targetHints":{"allow":["GET"]}}],"collection":[{"href":"https:\/\/www.dewestvlaamse.be\/fr\/wp-json\/wp\/v2\/pages"}],"about":[{"href":"https:\/\/www.dewestvlaamse.be\/fr\/wp-json\/wp\/v2\/types\/page"}],"author":[{"embeddable":true,"href":"https:\/\/www.dewestvlaamse.be\/fr\/wp-json\/wp\/v2\/users\/1"}],"replies":[{"embeddable":true,"href":"https:\/\/www.dewestvlaamse.be\/fr\/wp-json\/wp\/v2\/comments?post=1583"}],"version-history":[{"count":4,"href":"https:\/\/www.dewestvlaamse.be\/fr\/wp-json\/wp\/v2\/pages\/1583\/revisions"}],"predecessor-version":[{"id":2288,"href":"https:\/\/www.dewestvlaamse.be\/fr\/wp-json\/wp\/v2\/pages\/1583\/revisions\/2288"}],"wp:attachment":[{"href":"https:\/\/www.dewestvlaamse.be\/fr\/wp-json\/wp\/v2\/media?parent=1583"}],"curies":[{"name":"wp","href":"https:\/\/api.w.org\/{rel}","templated":true}]}}